{"id":98,"date":"2019-02-26T13:22:58","date_gmt":"2019-02-26T12:22:58","guid":{"rendered":"https:\/\/sp9kjm.com\/?page_id=98"},"modified":"2024-03-13T22:05:08","modified_gmt":"2024-03-13T21:05:08","slug":"linki","status":"publish","type":"page","link":"https:\/\/sp9kjm.com\/index.php\/linki\/","title":{"rendered":"LINKI"},"content":{"rendered":"\n<p><a href=\"https:\/\/www.youtube.com\/channel\/UCHexJjkbTf6TeM7vNqNtTTA?view_as=subscriber\" target=\"_blank\" rel=\"noopener noreferrer\">KANA\u0141 YOUTUBE KLUBU SP9KJM<\/a><\/p>\n\n\n\n<p><a href=\"http:\/\/www.lok.org.pl\" target=\"_blank\" rel=\"noopener noreferrer\">LOK &#8211; LIGA OBRONY KRAJU<\/a><\/p>\n\n\n\n<p><a href=\"https:\/\/pzk.org.pl\/\" target=\"_blank\" rel=\"noopener noreferrer\">PZK &#8211; POLSKI ZWI\u0104ZEK KR\u00d3TKOFALOWC\u00d3W<\/a><\/p>\n\n\n\n<p><a href=\"http:\/\/pzk.katowice.pl\" target=\"_blank\" rel=\"noopener noreferrer\">PZK KATOWICE<\/a><\/p>\n\n\n\n<p><a href=\"https:\/\/www.uke.gov.pl\" target=\"_blank\" rel=\"noopener noreferrer\">URZ\u0104D KOMUNIKACJI ELEKTRONICZNEJ<\/a><\/p>\n\n\n\n<p><a href=\"https:\/\/bip.uke.gov.pl\/swiadectwa-operatora-urzadzen-radiowych-tresci\/swiadectwa-amatorskie,3.html\" target=\"_blank\" rel=\"noopener noreferrer\">EGZAMIN KR\u00d3TKOFALARSKI<\/a><\/p>\n\n\n\n<p><a href=\"https:\/\/allegro.pl\/kategoria\/radiokomunikacja-sprzet-krotkofalarski-5061?order=m&amp;bmatch=baseline-n-ele-1-1-0304\" target=\"_blank\" rel=\"noopener noreferrer\">SPRZ\u0118T KR\u00d3TKOFALARSKI &#8211; Allegro<\/a><\/p>\n\n\n\n<p><a href=\"http:\/\/gielda.qrz.pl\" target=\"_blank\" rel=\"noopener noreferrer\">GIE\u0141DA KR\u00d3TKOFALARSKA<\/a><\/p>\n\n\n\n<p><\/p>\n","protected":false},"excerpt":{"rendered":"<p>KANA\u0141 YOUTUBE KLUBU SP9KJM LOK &#8211; LIGA OBRONY KRAJU PZK &#8211; POLSKI ZWI\u0104ZEK KR\u00d3TKOFALOWC\u00d3W PZK KATOWICE URZ\u0104D KOMUNIKACJI ELEKTRONICZNEJ EGZAMIN KR\u00d3TKOFALARSKI SPRZ\u0118T KR\u00d3TKOFALARSKI &#8211; Allegro GIE\u0141DA KR\u00d3TKOFALARSKA<\/p>\n","protected":false},"author":5,"featured_media":0,"parent":0,"menu_order":0,"comment_status":"closed","ping_status":"closed","template":"sidebar-page.php","meta":{"c2c-post-author-ip":"","footnotes":""},"class_list":["post-98","page","type-page","status-publish","hentry"],"_links":{"self":[{"href":"https:\/\/sp9kjm.com\/index.php\/wp-json\/wp\/v2\/pages\/98","targetHints":{"allow":["GET"]}}],"collection":[{"href":"https:\/\/sp9kjm.com\/index.php\/wp-json\/wp\/v2\/pages"}],"about":[{"href":"https:\/\/sp9kjm.com\/index.php\/wp-json\/wp\/v2\/types\/page"}],"author":[{"embeddable":true,"href":"https:\/\/sp9kjm.com\/index.php\/wp-json\/wp\/v2\/users\/5"}],"replies":[{"embeddable":true,"href":"https:\/\/sp9kjm.com\/index.php\/wp-json\/wp\/v2\/comments?post=98"}],"version-history":[{"count":5,"href":"https:\/\/sp9kjm.com\/index.php\/wp-json\/wp\/v2\/pages\/98\/revisions"}],"predecessor-version":[{"id":1434,"href":"https:\/\/sp9kjm.com\/index.php\/wp-json\/wp\/v2\/pages\/98\/revisions\/1434"}],"wp:attachment":[{"href":"https:\/\/sp9kjm.com\/index.php\/wp-json\/wp\/v2\/media?parent=98"}],"curies":[{"name":"wp","href":"https:\/\/api.w.org\/{rel}","templated":true}]}}