{"id":4442,"date":"2022-06-29T11:43:16","date_gmt":"2022-06-29T09:43:16","guid":{"rendered":"https:\/\/sp9kjm.pl\/?page_id=4442"},"modified":"2024-03-13T22:06:17","modified_gmt":"2024-03-13T21:06:17","slug":"na-spacer-z-radiem","status":"publish","type":"page","link":"https:\/\/sp9kjm.com\/index.php\/na-spacer-z-radiem\/","title":{"rendered":"Na spacer z radiem"},"content":{"rendered":"\n<p>Wielu cz\u0142onk\u00f3w naszego klubu \u0142\u0105czy pasj\u0119 radiow\u0105 z rodzinnymi wycieczkami w teren. Oto miejsca, w kt\u00f3rych mo\u017cna nas cz\u0119sto spotka\u0107.<\/p>\n\n\n\n<!--more-->\n\n\n\n<h2 class=\"wp-block-heading\">B\u0119dzin <\/h2>\n\n\n\n<p><a href=\"https:\/\/goo.gl\/maps\/CZgJVpydNqBdzD3r7\">https:\/\/goo.gl\/maps\/CZgJVpydNqBdzD3r7<\/a><\/p>\n\n\n\n<h2 class=\"wp-block-heading\">Be\u0142chat\u00f3w <\/h2>\n\n\n\n<p><a href=\"https:\/\/goo.gl\/maps\/mTRVvn3tVoP9tnzh9\">https:\/\/goo.gl\/maps\/mTRVvn3tVoP9tnzh9<\/a><\/p>\n\n\n\n<h2 class=\"wp-block-heading\">Brusiek <\/h2>\n\n\n\n<p><a href=\"https:\/\/goo.gl\/maps\/8BGw2Uw2Adu8khTj6\">https:\/\/goo.gl\/maps\/8BGw2Uw2Adu8khTj6<\/a><\/p>\n\n\n\n<h2 class=\"wp-block-heading\">G\u00f3ra Klimont <\/h2>\n\n\n\n<p><a href=\"https:\/\/goo.gl\/maps\/vAuZz35y82iqJtATA\">https:\/\/goo.gl\/maps\/vAuZz35y82iqJtATA<\/a><\/p>\n\n\n\n<h2 class=\"wp-block-heading\">G\u00f3ra \u015awi\u0119tej Doroty <\/h2>\n\n\n\n<p><a href=\"https:\/\/goo.gl\/maps\/QRByNebnKc75a2p18\">https:\/\/goo.gl\/maps\/QRByNebnKc75a2p18<\/a><\/p>\n\n\n\n<h2 class=\"wp-block-heading\">Ha\u0142da Kostuchna <\/h2>\n\n\n\n<p><a href=\"https:\/\/goo.gl\/maps\/iRwwCvBnLx67KXMR7\">https:\/\/goo.gl\/maps\/iRwwCvBnLx67KXMR7<\/a><\/p>\n\n\n\n<h2 class=\"wp-block-heading\">Ha\u0142da Skalny <\/h2>\n\n\n\n<p><a href=\"https:\/\/goo.gl\/maps\/9tM37rrJ6hhdLaYe6\">https:\/\/goo.gl\/maps\/9tM37rrJ6hhdLaYe6<\/a><\/p>\n\n\n\n<h2 class=\"wp-block-heading\">Ha\u0142da w Koch\u0142owicach <\/h2>\n\n\n\n<p><a href=\"https:\/\/goo.gl\/maps\/4vhBhuGXKvcwoCtu9\">https:\/\/goo.gl\/maps\/4vhBhuGXKvcwoCtu9<\/a><\/p>\n\n\n\n<h2 class=\"wp-block-heading\">Ha\u0142da w We\u0142nowcu <\/h2>\n\n\n\n<p><a href=\"https:\/\/goo.gl\/maps\/xAE751b6XC1LTLK19\">https:\/\/goo.gl\/maps\/xAE751b6XC1LTLK19<\/a><\/p>\n\n\n\n<h2 class=\"wp-block-heading\">Kamienio\u0142om w Kozach <\/h2>\n\n\n\n<p><a href=\"https:\/\/goo.gl\/maps\/ioMnxWXsJ884idqf6\">https:\/\/goo.gl\/maps\/ioMnxWXsJ884idqf6<\/a><\/p>\n\n\n\n<h2 class=\"wp-block-heading\">Mosorny Gro\u0144 <\/h2>\n\n\n\n<p><a href=\"https:\/\/goo.gl\/maps\/qB3c1SWRPAa8aLwVA\">https:\/\/goo.gl\/maps\/qB3c1SWRPAa8aLwVA<\/a><\/p>\n\n\n\n<h2 class=\"wp-block-heading\">Punkt widokowy na G\u00f3rze \u015awi\u0119tej Anny <\/h2>\n\n\n\n<p><a href=\"https:\/\/goo.gl\/maps\/V5zDdAEZRiFLt9CEA\">https:\/\/goo.gl\/maps\/V5zDdAEZRiFLt9CEA<\/a><\/p>\n\n\n\n<h2 class=\"wp-block-heading\">Punkt widokowy w Lubli\u0144cu <\/h2>\n\n\n\n<p><a href=\"https:\/\/goo.gl\/maps\/Ss1P5DH8tsa8oEy88\">https:\/\/goo.gl\/maps\/Ss1P5DH8tsa8oEy88<\/a><\/p>\n\n\n\n<h2 class=\"wp-block-heading\">Radk\u00f3w K\u0142odzki <\/h2>\n\n\n\n<p><a href=\"https:\/\/goo.gl\/maps\/x2kbeeDfkJQK53zv7\">https:\/\/goo.gl\/maps\/x2kbeeDfkJQK53zv7<\/a><\/p>\n\n\n\n<h2 class=\"wp-block-heading\">Rogo\u017anik <\/h2>\n\n\n\n<p><a href=\"https:\/\/goo.gl\/maps\/xK8ToL3tinUoPynF7\">https:\/\/goo.gl\/maps\/xK8ToL3tinUoPynF7<\/a><\/p>\n","protected":false},"excerpt":{"rendered":"<p>Wielu cz\u0142onk\u00f3w naszego klubu \u0142\u0105czy pasj\u0119 radiow\u0105 z rodzinnymi wycieczkami w teren. Oto miejsca, w kt\u00f3rych mo\u017cna nas cz\u0119sto spotka\u0107.<\/p>\n","protected":false},"author":5,"featured_media":0,"parent":0,"menu_order":0,"comment_status":"closed","ping_status":"closed","template":"sidebar-page.php","meta":{"c2c-post-author-ip":"46.204.0.214","footnotes":""},"class_list":["post-4442","page","type-page","status-publish","hentry"],"_links":{"self":[{"href":"https:\/\/sp9kjm.com\/index.php\/wp-json\/wp\/v2\/pages\/4442","targetHints":{"allow":["GET"]}}],"collection":[{"href":"https:\/\/sp9kjm.com\/index.php\/wp-json\/wp\/v2\/pages"}],"about":[{"href":"https:\/\/sp9kjm.com\/index.php\/wp-json\/wp\/v2\/types\/page"}],"author":[{"embeddable":true,"href":"https:\/\/sp9kjm.com\/index.php\/wp-json\/wp\/v2\/users\/5"}],"replies":[{"embeddable":true,"href":"https:\/\/sp9kjm.com\/index.php\/wp-json\/wp\/v2\/comments?post=4442"}],"version-history":[{"count":5,"href":"https:\/\/sp9kjm.com\/index.php\/wp-json\/wp\/v2\/pages\/4442\/revisions"}],"predecessor-version":[{"id":6104,"href":"https:\/\/sp9kjm.com\/index.php\/wp-json\/wp\/v2\/pages\/4442\/revisions\/6104"}],"wp:attachment":[{"href":"https:\/\/sp9kjm.com\/index.php\/wp-json\/wp\/v2\/media?parent=4442"}],"curies":[{"name":"wp","href":"https:\/\/api.w.org\/{rel}","templated":true}]}}