{"id":1427,"date":"2019-04-17T11:00:56","date_gmt":"2019-04-17T09:00:56","guid":{"rendered":"https:\/\/sp9kjm.com\/?page_id=1427"},"modified":"2022-06-16T19:46:30","modified_gmt":"2022-06-16T17:46:30","slug":"filmy","status":"publish","type":"page","link":"https:\/\/sp9kjm.com\/index.php\/filmy\/","title":{"rendered":"FILMY"},"content":{"rendered":"\n<p>ZAPRASZAMY DO SUBSKRYPCJI NASZEGO KANA\u0141U YOUTUBE, NA KT\u00d3RYM SYSTEMATYCZNIE S\u0104 PUBLIKOWANE ZAR\u00d3WNO NOWE JAK I ARCHIWALNE FILMY ORAZ AUDYCJE RADIOWE:<\/p>\n\n\n\n<p class=\"has-text-align-center\"><a href=\"https:\/\/www.youtube.com\/channel\/UCjKj-BU3vwC_--doxD794cA\">https:\/\/www.youtube.com\/channel\/UCjKj-BU3vwC_&#8211;doxD794cA<\/a><\/p>\n\n\n\n<p class=\"has-text-align-center\"><a rel=\"noreferrer noopener\" aria-label=\"https:\/\/www.youtube.com\/user\/sp9kjm (otwiera si\u0119 na nowej zak\u0142adce)\" href=\"https:\/\/www.youtube.com\/user\/sp9kjm\" target=\"_blank\">https:\/\/www.youtube.com\/user\/sp9kjm<\/a><\/p>\n\n\n\n<p><\/p>\n\n\n\n<p>Film z obchod\u00f3w 60lecia klubu SP9KJM w 2019r.:<\/p>\n\n\n\n<figure class=\"wp-block-embed aligncenter is-type-video is-provider-youtube wp-block-embed-youtube wp-embed-aspect-16-9 wp-has-aspect-ratio\"><div class=\"wp-block-embed__wrapper\">\n<iframe loading=\"lazy\" title=\"60 LECIE KLUBU SP9KJM\" width=\"584\" height=\"329\" src=\"https:\/\/www.youtube.com\/embed\/omyx7oLH5tg?feature=oembed\" frameborder=\"0\" allow=\"accelerometer; autoplay; clipboard-write; encrypted-media; gyroscope; picture-in-picture; web-share\" referrerpolicy=\"strict-origin-when-cross-origin\" allowfullscreen><\/iframe>\n<\/div><\/figure>\n\n\n\n<p>Film z aktywacji bunkra w Dobieszowicach:<\/p>\n\n\n\n<figure class=\"wp-block-embed is-type-video is-provider-youtube wp-block-embed-youtube wp-embed-aspect-16-9 wp-has-aspect-ratio\"><div class=\"wp-block-embed__wrapper\">\n<iframe loading=\"lazy\" title=\"SP9KJM 08.06.2022 bunkier nr4\" width=\"584\" height=\"329\" src=\"https:\/\/www.youtube.com\/embed\/nstORfr0Wpc?feature=oembed\" frameborder=\"0\" allow=\"accelerometer; autoplay; clipboard-write; encrypted-media; gyroscope; picture-in-picture; web-share\" referrerpolicy=\"strict-origin-when-cross-origin\" allowfullscreen><\/iframe>\n<\/div><\/figure>\n","protected":false},"excerpt":{"rendered":"<p>ZAPRASZAMY DO SUBSKRYPCJI NASZEGO KANA\u0141U YOUTUBE, NA KT\u00d3RYM SYSTEMATYCZNIE S\u0104 PUBLIKOWANE ZAR\u00d3WNO NOWE JAK I ARCHIWALNE FILMY ORAZ AUDYCJE RADIOWE: https:\/\/www.youtube.com\/channel\/UCjKj-BU3vwC_&#8211;doxD794cA https:\/\/www.youtube.com\/user\/sp9kjm Film z obchod\u00f3w 60lecia klubu SP9KJM w 2019r.: Film z aktywacji bunkra w Dobieszowicach:<\/p>\n","protected":false},"author":5,"featured_media":0,"parent":0,"menu_order":0,"comment_status":"closed","ping_status":"closed","template":"","meta":{"c2c-post-author-ip":"","footnotes":""},"class_list":["post-1427","page","type-page","status-publish","hentry"],"_links":{"self":[{"href":"https:\/\/sp9kjm.com\/index.php\/wp-json\/wp\/v2\/pages\/1427","targetHints":{"allow":["GET"]}}],"collection":[{"href":"https:\/\/sp9kjm.com\/index.php\/wp-json\/wp\/v2\/pages"}],"about":[{"href":"https:\/\/sp9kjm.com\/index.php\/wp-json\/wp\/v2\/types\/page"}],"author":[{"embeddable":true,"href":"https:\/\/sp9kjm.com\/index.php\/wp-json\/wp\/v2\/users\/5"}],"replies":[{"embeddable":true,"href":"https:\/\/sp9kjm.com\/index.php\/wp-json\/wp\/v2\/comments?post=1427"}],"version-history":[{"count":11,"href":"https:\/\/sp9kjm.com\/index.php\/wp-json\/wp\/v2\/pages\/1427\/revisions"}],"predecessor-version":[{"id":4359,"href":"https:\/\/sp9kjm.com\/index.php\/wp-json\/wp\/v2\/pages\/1427\/revisions\/4359"}],"wp:attachment":[{"href":"https:\/\/sp9kjm.com\/index.php\/wp-json\/wp\/v2\/media?parent=1427"}],"curies":[{"name":"wp","href":"https:\/\/api.w.org\/{rel}","templated":true}]}}